{"id":62,"date":"2021-05-18T12:24:24","date_gmt":"2021-05-18T12:24:24","guid":{"rendered":"https:\/\/open-cube.fel.cvut.cz\/?page_id=62"},"modified":"2024-01-03T08:27:57","modified_gmt":"2024-01-03T08:27:57","slug":"about","status":"publish","type":"page","link":"https:\/\/open-cube.fel.cvut.cz\/?page_id=62","title":{"rendered":"About"},"content":{"rendered":"\n<div class=\"wp-block-uagb-container uagb-block-4cb6607b alignfull uagb-is-root-container\"><div class=\"uagb-container-inner-blocks-wrap\">\n<div class=\"wp-block-uagb-advanced-heading uagb-block-c953f725\"><h1 class=\"uagb-heading-text\">About<\/h1><\/div>\n<\/div><\/div>\n\n\n\n<div class=\"wp-block-uagb-container uagb-block-140f94f3 alignfull uagb-is-root-container\"><div class=\"uagb-container-inner-blocks-wrap\">\n<div class=\"wp-block-uagb-container uagb-block-9530d3bb\">\n<div class=\"wp-block-uagb-advanced-heading uagb-block-6ff1e384\"><h2 class=\"uagb-heading-text\">The OPEN-CUBE project<\/h2><div class=\"uagb-separator\"><\/div><\/div>\n<\/div>\n\n\n\n<div class=\"wp-block-uagb-container uagb-block-a793359a\">\n<div class=\"wp-block-uagb-advanced-heading uagb-block-50c3e0f0\"><p class=\"uagb-heading-text\">Around 2009, an introductory and motivational course for students of the Cybernetics and Robotics study program was launched here at the Faculty of Electrical Engineering of the Czech Technical University in Prague. Over the years, LEGO Mindstorms NXT and EV3 sets have been used to build extraordinary robots. But lately these sets have become obsolete, hard to buy, after years of use at the end of life and the new alternative &#8220;Spike&#8221; has not met our expectations&#8230;<\/p><\/div>\n\n\n\n<div class=\"wp-block-uagb-advanced-heading uagb-block-b1f6048f\"><p class=\"uagb-heading-text\">So we decided to develop an alternative \u2013 an open-source control unit, compatible with NXT and EV3 sensors and motors (as well as mechanical LEGO parts). After more than a year of development and several prototypes build, we present the first &#8220;production version&#8221; that works nicely and supports some extra tricks that the previous versions didn&#8217;t have. And is completely open-source.<\/p><\/div>\n<\/div>\n<\/div><\/div>\n\n\n\n<div class=\"wp-block-uagb-container uagb-block-ec62eae4 alignfull uagb-is-root-container\"><div class=\"uagb-container-inner-blocks-wrap\">\n<div class=\"wp-block-uagb-container uagb-block-3d9a4e61\">\n<div class=\"wp-block-uagb-image alignleft uagb-block-fead6ed3 wp-block-uagb-image--layout-default wp-block-uagb-image--effect-static wp-block-uagb-image--align-left\"><figure class=\"wp-block-uagb-image__figure\"><img decoding=\"async\" srcset=\"https:\/\/open-cube.fel.cvut.cz\/wp-content\/uploads\/2023\/09\/open_dev1.jpg \" sizes=\"(max-width: 480px) 150px\" src=\"https:\/\/open-cube.fel.cvut.cz\/wp-content\/uploads\/2023\/09\/open_dev1.jpg\" alt=\"\" class=\"uag-image-821\" width=\"360\" height=\"480\" title=\"\" loading=\"lazy\"\/><\/figure><\/div>\n<\/div>\n\n\n\n<div class=\"wp-block-uagb-container uagb-block-eff17faa\">\n<div class=\"wp-block-uagb-info-box uagb-block-0b8c7a4b uagb-infobox__content-wrap  uagb-infobox-icon-above-title uagb-infobox-image-valign-top\"><div class=\"uagb-ifb-content\"><div class=\"uagb-ifb-icon-wrap\"><svg xmlns=\"https:\/\/www.w3.org\/2000\/svg\" viewBox=\"0 0 448 512\"><path d=\"M96 224C84.72 224 74.05 226.3 64 229.9V224c0-35.3 28.7-64 64-64c17.67 0 32-14.33 32-32S145.7 96 128 96C57.42 96 0 153.4 0 224v96c0 53.02 42.98 96 96 96s96-42.98 96-96S149 224 96 224zM352 224c-11.28 0-21.95 2.305-32 5.879V224c0-35.3 28.7-64 64-64c17.67 0 32-14.33 32-32s-14.33-32-32-32c-70.58 0-128 57.42-128 128v96c0 53.02 42.98 96 96 96s96-42.98 96-96S405 224 352 224z\"><\/path><\/svg><\/div><div class=\"uagb-ifb-title-wrap\"><h3 class=\"uagb-ifb-title\">Learning through play<\/h3><\/div><\/div><\/div>\n\n\n\n<div class=\"wp-block-uagb-advanced-heading uagb-block-bf85268f\"><h5 class=\"uagb-heading-text\">that&#8217;s the right way \ud83d\ude42<\/h5><\/div>\n<\/div>\n<\/div><\/div>\n\n\n\n<div class=\"wp-block-uagb-container uagb-block-9f5db31c alignfull uagb-is-root-container\"><div class=\"uagb-container-inner-blocks-wrap\">\n<div class=\"wp-block-uagb-advanced-heading uagb-block-132117b0\"><h6 class=\"uagb-heading-text\"><strong>OPEN-CUBE a Glance<\/strong><\/h6><\/div>\n\n\n\n<div class=\"wp-block-uagb-container uagb-block-fe6825b8\">\n<div class=\"wp-block-uagb-container uagb-block-91868f99\">\n<div class=\"wp-block-uagb-advanced-heading uagb-block-7113bb44\"><h6 class=\"uagb-heading-text\">Programming<\/h6><\/div>\n<\/div>\n\n\n\n<div class=\"wp-block-uagb-container uagb-block-623c3077\">\n<div class=\"wp-block-uagb-advanced-heading uagb-block-98e1d011\"><p class=\"uagb-heading-text\">Micropython. We use C-code directly embedded in the Micropython package, so the mission critical tasks are done fast and the user can enjoy coding in Micropython using specific framework functions. Sorry, no graphical programming right now.<\/p><\/div>\n<\/div>\n<\/div>\n\n\n\n<div class=\"wp-block-uagb-container uagb-block-529a042e\">\n<div class=\"wp-block-uagb-container uagb-block-0c830f7a\">\n<div class=\"wp-block-uagb-advanced-heading uagb-block-24def4c2\"><h6 class=\"uagb-heading-text\"><strong><strong>Hardware<\/strong><\/strong><\/h6><\/div>\n<\/div>\n\n\n\n<div class=\"wp-block-uagb-container uagb-block-a1340797\">\n<div class=\"wp-block-uagb-advanced-heading uagb-block-3b8db3f5\"><p class=\"uagb-heading-text\">The development of Open-Cube started in 2021, when there were still serious problems with the purchase of some electrical components (eg microcontrollers), so the design is based on two devices that were very readily available &#8211; a Raspberry RP2040 microcontroller (PICO) and an ESP32 module. Both are also very cheap. Hopefully they will be available for some time to come. If not, the Open-Cube electrical circuits are fairly simple, so they can be easily modified or updated.<\/p><\/div>\n<\/div>\n<\/div>\n\n\n\n<div class=\"wp-block-uagb-container uagb-block-d845affd\">\n<div class=\"wp-block-uagb-container uagb-block-dc5b1d57\">\n<div class=\"wp-block-uagb-advanced-heading uagb-block-bf3e6e41\"><h6 class=\"uagb-heading-text\"><strong><strong>Open-Source Design<\/strong><\/strong><\/h6><\/div>\n<\/div>\n\n\n\n<div class=\"wp-block-uagb-container uagb-block-36e150a1\">\n<div class=\"wp-block-uagb-advanced-heading uagb-block-93ebef89\"><p class=\"uagb-heading-text\">All production data and firmware including source codes are available for download. Free for non-commercial use. If you want to use the provided data commercially, please contact us.<\/p><\/div>\n<\/div>\n<\/div>\n<\/div><\/div>\n\n\n\n<p class=\"has-ast-global-color-6-color has-text-color has-medium-font-size\"><strong>Developed in<\/strong> <a href=\"http:\/\/www.maglab.cz\"><img decoding=\"async\" loading=\"lazy\" width=\"633\" height=\"110\" class=\"wp-image-874\" style=\"width: 150px;\" src=\"http:\/\/open-cube.fel.cvut.cz\/wp-content\/uploads\/2023\/09\/mglb.jpg\" alt=\"\" srcset=\"https:\/\/open-cube.fel.cvut.cz\/wp-content\/uploads\/2023\/09\/mglb.jpg 633w, https:\/\/open-cube.fel.cvut.cz\/wp-content\/uploads\/2023\/09\/mglb-300x52.jpg 300w\" sizes=\"(max-width: 633px) 100vw, 633px\" \/><\/a><\/p>\n\n\n\n<p><strong>Developers:<\/strong><br>Ing. David Novotn\u00fd &#8211; HW<br>Bc. V\u00e1clav Jel\u00ednek &#8211; FW, SW, tester<br>Bc. Jakub Van\u011bk &#8211; FW guru, SW, tester<br>Ing. Michal Dressler &#8211; 3D print wizard<br>Ing. Vojt\u011bch Petrucha, Ph.D. &#8211; HW, FW, management&#8230; <br>and other (e.g. team project students)<\/p>\n\n\n\n<p><strong>The Open-Cube development was supported by the <a href=\"https:\/\/intranet.fel.cvut.cz\/en\/\">Faculty of Electrical Engineering<\/a>, <a href=\"https:\/\/www.cvut.cz\/en\">CTU in Prague<\/a>, via RPAPS projects in 2022 and 2023.<\/strong><\/p>\n\n\n\n<figure class=\"wp-block-image size-large is-resized\"><img decoding=\"async\" loading=\"lazy\" width=\"1024\" height=\"500\" src=\"https:\/\/open-cube.fel.cvut.cz\/wp-content\/uploads\/2024\/01\/logo_cvut_en-1024x500.jpg\" alt=\"\" class=\"wp-image-1179\" style=\"aspect-ratio:2.048;width:321px;height:auto\" srcset=\"https:\/\/open-cube.fel.cvut.cz\/wp-content\/uploads\/2024\/01\/logo_cvut_en-1024x500.jpg 1024w, https:\/\/open-cube.fel.cvut.cz\/wp-content\/uploads\/2024\/01\/logo_cvut_en-300x146.jpg 300w, https:\/\/open-cube.fel.cvut.cz\/wp-content\/uploads\/2024\/01\/logo_cvut_en-768x375.jpg 768w, https:\/\/open-cube.fel.cvut.cz\/wp-content\/uploads\/2024\/01\/logo_cvut_en.jpg 1211w\" sizes=\"(max-width: 1024px) 100vw, 1024px\" \/><\/figure>\n\n\n\n<p class=\"has-medium-font-size\"><strong>Production of the first series proudly sponsored by<\/strong> <a href=\"https:\/\/btl-kariera.cz\"><img decoding=\"async\" loading=\"lazy\" width=\"305\" height=\"149\" class=\"wp-image-876\" style=\"width: 150px;\" src=\"http:\/\/open-cube.fel.cvut.cz\/wp-content\/uploads\/2023\/09\/btl.jpg\" alt=\"\" srcset=\"https:\/\/open-cube.fel.cvut.cz\/wp-content\/uploads\/2023\/09\/btl.jpg 305w, https:\/\/open-cube.fel.cvut.cz\/wp-content\/uploads\/2023\/09\/btl-300x147.jpg 300w\" sizes=\"(max-width: 305px) 100vw, 305px\" \/><\/a> <strong>&#8211; R&amp;D with NO LIMITS!<\/strong><\/p>\n","protected":false},"excerpt":{"rendered":"<p>About The OPEN-CUBE project Around 2009, an introductory and motivational course for students of the Cybernetics and Robotics study program was launched here at the Faculty of Electrical Engineering of the Czech Technical University in Prague. Over the years, LEGO Mindstorms NXT and EV3 sets have been used to build extraordinary robots. But lately these &hellip;<\/p>\n<p class=\"read-more\"> <a class=\"\" href=\"https:\/\/open-cube.fel.cvut.cz\/?page_id=62\"> <span class=\"screen-reader-text\">About<\/span> Read More &raquo;<\/a><\/p>\n","protected":false},"author":1,"featured_media":0,"parent":0,"menu_order":0,"comment_status":"closed","ping_status":"closed","template":"","meta":{"_uag_custom_page_level_css":"","site-sidebar-layout":"no-sidebar","site-content-layout":"plain-container","ast-site-content-layout":"normal-width-container","site-content-style":"unboxed","site-sidebar-style":"unboxed","ast-global-header-display":"","ast-banner-title-visibility":"","ast-main-header-display":"","ast-hfb-above-header-display":"","ast-hfb-below-header-display":"","ast-hfb-mobile-header-display":"","site-post-title":"disabled","ast-breadcrumbs-content":"","ast-featured-img":"","footer-sml-layout":"","theme-transparent-header-meta":"default","adv-header-id-meta":"","stick-header-meta":"","header-above-stick-meta":"","header-main-stick-meta":"","header-below-stick-meta":"","astra-migrate-meta-layouts":"set","footnotes":""},"uagb_featured_image_src":{"full":false,"thumbnail":false,"medium":false,"medium_large":false,"large":false,"1536x1536":false,"2048x2048":false},"uagb_author_info":{"display_name":"admin","author_link":"https:\/\/open-cube.fel.cvut.cz\/?author=1"},"uagb_comment_info":0,"uagb_excerpt":"About The OPEN-CUBE project Around 2009, an introductory and motivational course for students of the Cybernetics and Robotics study program was launched here at the Faculty of Electrical Engineering of the Czech Technical University in Prague. Over the years, LEGO Mindstorms NXT and EV3 sets have been used to build extraordinary robots. But lately these&hellip;","_links":{"self":[{"href":"https:\/\/open-cube.fel.cvut.cz\/index.php?rest_route=\/wp\/v2\/pages\/62"}],"collection":[{"href":"https:\/\/open-cube.fel.cvut.cz\/index.php?rest_route=\/wp\/v2\/pages"}],"about":[{"href":"https:\/\/open-cube.fel.cvut.cz\/index.php?rest_route=\/wp\/v2\/types\/page"}],"author":[{"embeddable":true,"href":"https:\/\/open-cube.fel.cvut.cz\/index.php?rest_route=\/wp\/v2\/users\/1"}],"replies":[{"embeddable":true,"href":"https:\/\/open-cube.fel.cvut.cz\/index.php?rest_route=%2Fwp%2Fv2%2Fcomments&post=62"}],"version-history":[{"count":18,"href":"https:\/\/open-cube.fel.cvut.cz\/index.php?rest_route=\/wp\/v2\/pages\/62\/revisions"}],"predecessor-version":[{"id":1180,"href":"https:\/\/open-cube.fel.cvut.cz\/index.php?rest_route=\/wp\/v2\/pages\/62\/revisions\/1180"}],"wp:attachment":[{"href":"https:\/\/open-cube.fel.cvut.cz\/index.php?rest_route=%2Fwp%2Fv2%2Fmedia&parent=62"}],"curies":[{"name":"wp","href":"https:\/\/api.w.org\/{rel}","templated":true}]}}